{"id":451,"date":"2025-09-11T14:45:53","date_gmt":"2025-09-11T12:45:53","guid":{"rendered":"https:\/\/academia-mentoris.com\/?page_id=451"},"modified":"2025-09-25T12:41:40","modified_gmt":"2025-09-25T10:41:40","slug":"qui-sommes-nous","status":"publish","type":"page","link":"https:\/\/www.academia-mentoris.com\/?page_id=451","title":{"rendered":"Qui sommes-nous?"},"content":{"rendered":"\n<figure class=\"wp-block-image size-full\"><img fetchpriority=\"high\" width=\"960\" height=\"640\"  alt=\"\" class=\"wp-image-715 lws-optimize-lazyload\"\/ data-src=\"https:\/\/www.academia-mentoris.com\/wp-content\/uploads\/2025\/09\/cige-image.jpg\" srcset=\"https:\/\/www.academia-mentoris.com\/wp-content\/uploads\/2025\/09\/cige-image.jpg 960w, https:\/\/www.academia-mentoris.com\/wp-content\/uploads\/2025\/09\/cige-image-300x200.jpg 300w, https:\/\/www.academia-mentoris.com\/wp-content\/uploads\/2025\/09\/cige-image-768x512.jpg 768w\" sizes=\"(max-width: 960px) 100vw, 960px\" \/><\/figure>\n\n\n\n<p class=\"has-black-color has-text-color has-link-color wp-elements-1ede75d79c09e27d93748bed5cba44af\">Academia mentoris, plus mieux Acad\u00e9mie du Mentor est un club de lecture et de r\u00e9daction bas\u00e9 au Grand S\u00e9minaire interdioc\u00e9sain Saint Jean Paul II de Gitega (Burundi). Le club a pour v\u00e9hicule de ses chefs d\u2019\u0153uvre la langue fran\u00e7aise qu\u2019il s\u2019efforce d&rsquo;utiliser avec plus d\u2019originalit\u00e9 et de clart\u00e9.<\/p>\n\n\n\n<p class=\"has-black-color has-text-color has-link-color wp-elements-41b916fd65c9feda5f027fafe4d955d0\">Academia Mentoris veut peindre le monde, engager avec lui un dialogue teint\u00e9 d\u2019id\u00e9es culturelles, philosophiques, th\u00e9ologiques, scientifiques, etc. C\u2019est, pour faire court, engager une interaction avec toute la face visible du monde. Du c\u0153ur de l\u2019Afrique \u00e0 l\u2019ile de Vanuatou, dans les coins et les recoins des cinq continents de la plan\u00e8te bleue ; chacun peut y trouver de quoi nourrir sa vue et sa mens. De grands s\u00e9minaristes ainsi que d\u2019autres contributeurs de bonne volont\u00e9 s\u2019en donnent \u00e0 c\u0153ur joie dans l\u2019ext\u00e9riorisation de leurs pens\u00e9es sur le monde en perp\u00e9tuelle mutation avec une approche profond\u00e9ment cosmopolite. Tout se passe dans un espace de travail baptis\u00e9 \u00ab\u00a0le laboratoire du verbe\u00a0\u00bb o\u00f9 la plume reprend son envol, le quotidien se fait litt\u00e9rature et la page web se remplit de lignes inspir\u00e9es et inspirantes.<\/p>\n\n\n\n<p class=\"has-black-color has-text-color has-link-color wp-elements-738ded3d35868e8b40ef2a109d50e9da\">Academia Mentoris a une ambition : Plus qu\u2019un simple club de litt\u00e9rature, il veut \u00eatre un lieu o\u00f9 la jeunesse lit un avenir radieux, un espace de promesse d\u2019un lendemain meilleur dans le maniement de la langue et de la plume, une plateforme d\u2019\u00e9change sur laquelle s\u2019\u00e9talent actualit\u00e9s et rythme du monde. Bref, Academia Mentoris veut construire un leadership d\u2019avenir.<\/p>\n\n\n\n<p><\/p>\n","protected":false},"excerpt":{"rendered":"<p>Academia mentoris, plus mieux Acad\u00e9mie du Mentor est un club de lecture et de r\u00e9daction bas\u00e9 au Grand S\u00e9minaire interdioc\u00e9sain Saint Jean Paul II de Gitega (Burundi). Le club a pour v\u00e9hicule de ses chefs d\u2019\u0153uvre la langue fran\u00e7aise qu\u2019il s\u2019efforce d&rsquo;utiliser avec plus d\u2019originalit\u00e9 et de clart\u00e9. Academia Mentoris veut peindre le monde, engager [&hellip;]<\/p>\n","protected":false},"author":1,"featured_media":0,"parent":0,"menu_order":0,"comment_status":"closed","ping_status":"closed","template":"","meta":{"footnotes":""},"class_list":["post-451","page","type-page","status-publish","hentry"],"blocksy_meta":[],"yoast_head":"<!-- This site is optimized with the Yoast SEO plugin v26.0 - https:\/\/yoast.com\/wordpress\/plugins\/seo\/ -->\n<title>Qui sommes-nous? - Academia Mentoris<\/title>\n<meta name=\"robots\" content=\"index, follow, max-snippet:-1, max-image-preview:large, max-video-preview:-1\" \/>\n<link rel=\"canonical\" href=\"https:\/\/www.academia-mentoris.com\/?page_id=451\" \/>\n<meta property=\"og:locale\" content=\"fr_FR\" \/>\n<meta property=\"og:type\" content=\"article\" \/>\n<meta property=\"og:title\" content=\"Qui sommes-nous? - Academia Mentoris\" \/>\n<meta property=\"og:description\" content=\"Academia mentoris, plus mieux Acad\u00e9mie du Mentor est un club de lecture et de r\u00e9daction bas\u00e9 au Grand S\u00e9minaire interdioc\u00e9sain Saint Jean Paul II de Gitega (Burundi). Le club a pour v\u00e9hicule de ses chefs d\u2019\u0153uvre la langue fran\u00e7aise qu\u2019il s\u2019efforce d&rsquo;utiliser avec plus d\u2019originalit\u00e9 et de clart\u00e9. Academia Mentoris veut peindre le monde, engager [&hellip;]\" \/>\n<meta property=\"og:url\" content=\"https:\/\/www.academia-mentoris.com\/?page_id=451\" \/>\n<meta property=\"og:site_name\" content=\"Academia Mentoris\" \/>\n<meta property=\"article:modified_time\" content=\"2025-09-25T10:41:40+00:00\" \/>\n<meta property=\"og:image\" content=\"https:\/\/www.academia-mentoris.com\/wp-content\/uploads\/2025\/09\/cige-image.jpg\" \/>\n<meta name=\"twitter:card\" content=\"summary_large_image\" \/>\n<meta name=\"twitter:label1\" content=\"Dur\u00e9e de lecture estim\u00e9e\" \/>\n\t<meta name=\"twitter:data1\" content=\"2 minutes\" \/>\n<script type=\"application\/ld+json\" class=\"yoast-schema-graph\">{\"@context\":\"https:\/\/schema.org\",\"@graph\":[{\"@type\":\"WebPage\",\"@id\":\"https:\/\/www.academia-mentoris.com\/?page_id=451\",\"url\":\"https:\/\/www.academia-mentoris.com\/?page_id=451\",\"name\":\"Qui sommes-nous? - Academia Mentoris\",\"isPartOf\":{\"@id\":\"https:\/\/www.academia-mentoris.com\/#website\"},\"primaryImageOfPage\":{\"@id\":\"https:\/\/www.academia-mentoris.com\/?page_id=451#primaryimage\"},\"image\":{\"@id\":\"https:\/\/www.academia-mentoris.com\/?page_id=451#primaryimage\"},\"thumbnailUrl\":\"https:\/\/www.academia-mentoris.com\/wp-content\/uploads\/2025\/09\/cige-image.jpg\",\"datePublished\":\"2025-09-11T12:45:53+00:00\",\"dateModified\":\"2025-09-25T10:41:40+00:00\",\"breadcrumb\":{\"@id\":\"https:\/\/www.academia-mentoris.com\/?page_id=451#breadcrumb\"},\"inLanguage\":\"fr-FR\",\"potentialAction\":[{\"@type\":\"ReadAction\",\"target\":[\"https:\/\/www.academia-mentoris.com\/?page_id=451\"]}]},{\"@type\":\"ImageObject\",\"inLanguage\":\"fr-FR\",\"@id\":\"https:\/\/www.academia-mentoris.com\/?page_id=451#primaryimage\",\"url\":\"https:\/\/www.academia-mentoris.com\/wp-content\/uploads\/2025\/09\/cige-image.jpg\",\"contentUrl\":\"https:\/\/www.academia-mentoris.com\/wp-content\/uploads\/2025\/09\/cige-image.jpg\",\"width\":960,\"height\":640},{\"@type\":\"BreadcrumbList\",\"@id\":\"https:\/\/www.academia-mentoris.com\/?page_id=451#breadcrumb\",\"itemListElement\":[{\"@type\":\"ListItem\",\"position\":1,\"name\":\"Home\",\"item\":\"https:\/\/www.academia-mentoris.com\/\"},{\"@type\":\"ListItem\",\"position\":2,\"name\":\"Qui sommes-nous?\"}]},{\"@type\":\"WebSite\",\"@id\":\"https:\/\/www.academia-mentoris.com\/#website\",\"url\":\"https:\/\/www.academia-mentoris.com\/\",\"name\":\"Academia Mentoris\",\"description\":\"Le laboratoire du verbe\",\"publisher\":{\"@id\":\"https:\/\/www.academia-mentoris.com\/#organization\"},\"potentialAction\":[{\"@type\":\"SearchAction\",\"target\":{\"@type\":\"EntryPoint\",\"urlTemplate\":\"https:\/\/www.academia-mentoris.com\/?s={search_term_string}\"},\"query-input\":{\"@type\":\"PropertyValueSpecification\",\"valueRequired\":true,\"valueName\":\"search_term_string\"}}],\"inLanguage\":\"fr-FR\"},{\"@type\":\"Organization\",\"@id\":\"https:\/\/www.academia-mentoris.com\/#organization\",\"name\":\"Academia Mentoris\",\"url\":\"https:\/\/www.academia-mentoris.com\/\",\"logo\":{\"@type\":\"ImageObject\",\"inLanguage\":\"fr-FR\",\"@id\":\"https:\/\/www.academia-mentoris.com\/#\/schema\/logo\/image\/\",\"url\":\"https:\/\/www.academia-mentoris.com\/wp-content\/uploads\/2025\/09\/logo-acabien.jpg\",\"contentUrl\":\"https:\/\/www.academia-mentoris.com\/wp-content\/uploads\/2025\/09\/logo-acabien.jpg\",\"width\":1013,\"height\":298,\"caption\":\"Academia Mentoris\"},\"image\":{\"@id\":\"https:\/\/www.academia-mentoris.com\/#\/schema\/logo\/image\/\"}}]}<\/script>\n<!-- \/ Yoast SEO plugin. -->","yoast_head_json":{"title":"Qui sommes-nous? - Academia Mentoris","robots":{"index":"index","follow":"follow","max-snippet":"max-snippet:-1","max-image-preview":"max-image-preview:large","max-video-preview":"max-video-preview:-1"},"canonical":"https:\/\/www.academia-mentoris.com\/?page_id=451","og_locale":"fr_FR","og_type":"article","og_title":"Qui sommes-nous? - Academia Mentoris","og_description":"Academia mentoris, plus mieux Acad\u00e9mie du Mentor est un club de lecture et de r\u00e9daction bas\u00e9 au Grand S\u00e9minaire interdioc\u00e9sain Saint Jean Paul II de Gitega (Burundi). Le club a pour v\u00e9hicule de ses chefs d\u2019\u0153uvre la langue fran\u00e7aise qu\u2019il s\u2019efforce d&rsquo;utiliser avec plus d\u2019originalit\u00e9 et de clart\u00e9. Academia Mentoris veut peindre le monde, engager [&hellip;]","og_url":"https:\/\/www.academia-mentoris.com\/?page_id=451","og_site_name":"Academia Mentoris","article_modified_time":"2025-09-25T10:41:40+00:00","og_image":[{"url":"https:\/\/www.academia-mentoris.com\/wp-content\/uploads\/2025\/09\/cige-image.jpg","type":"","width":"","height":""}],"twitter_card":"summary_large_image","twitter_misc":{"Dur\u00e9e de lecture estim\u00e9e":"2 minutes"},"schema":{"@context":"https:\/\/schema.org","@graph":[{"@type":"WebPage","@id":"https:\/\/www.academia-mentoris.com\/?page_id=451","url":"https:\/\/www.academia-mentoris.com\/?page_id=451","name":"Qui sommes-nous? - Academia Mentoris","isPartOf":{"@id":"https:\/\/www.academia-mentoris.com\/#website"},"primaryImageOfPage":{"@id":"https:\/\/www.academia-mentoris.com\/?page_id=451#primaryimage"},"image":{"@id":"https:\/\/www.academia-mentoris.com\/?page_id=451#primaryimage"},"thumbnailUrl":"https:\/\/www.academia-mentoris.com\/wp-content\/uploads\/2025\/09\/cige-image.jpg","datePublished":"2025-09-11T12:45:53+00:00","dateModified":"2025-09-25T10:41:40+00:00","breadcrumb":{"@id":"https:\/\/www.academia-mentoris.com\/?page_id=451#breadcrumb"},"inLanguage":"fr-FR","potentialAction":[{"@type":"ReadAction","target":["https:\/\/www.academia-mentoris.com\/?page_id=451"]}]},{"@type":"ImageObject","inLanguage":"fr-FR","@id":"https:\/\/www.academia-mentoris.com\/?page_id=451#primaryimage","url":"https:\/\/www.academia-mentoris.com\/wp-content\/uploads\/2025\/09\/cige-image.jpg","contentUrl":"https:\/\/www.academia-mentoris.com\/wp-content\/uploads\/2025\/09\/cige-image.jpg","width":960,"height":640},{"@type":"BreadcrumbList","@id":"https:\/\/www.academia-mentoris.com\/?page_id=451#breadcrumb","itemListElement":[{"@type":"ListItem","position":1,"name":"Home","item":"https:\/\/www.academia-mentoris.com\/"},{"@type":"ListItem","position":2,"name":"Qui sommes-nous?"}]},{"@type":"WebSite","@id":"https:\/\/www.academia-mentoris.com\/#website","url":"https:\/\/www.academia-mentoris.com\/","name":"Academia Mentoris","description":"Le laboratoire du verbe","publisher":{"@id":"https:\/\/www.academia-mentoris.com\/#organization"},"potentialAction":[{"@type":"SearchAction","target":{"@type":"EntryPoint","urlTemplate":"https:\/\/www.academia-mentoris.com\/?s={search_term_string}"},"query-input":{"@type":"PropertyValueSpecification","valueRequired":true,"valueName":"search_term_string"}}],"inLanguage":"fr-FR"},{"@type":"Organization","@id":"https:\/\/www.academia-mentoris.com\/#organization","name":"Academia Mentoris","url":"https:\/\/www.academia-mentoris.com\/","logo":{"@type":"ImageObject","inLanguage":"fr-FR","@id":"https:\/\/www.academia-mentoris.com\/#\/schema\/logo\/image\/","url":"https:\/\/www.academia-mentoris.com\/wp-content\/uploads\/2025\/09\/logo-acabien.jpg","contentUrl":"https:\/\/www.academia-mentoris.com\/wp-content\/uploads\/2025\/09\/logo-acabien.jpg","width":1013,"height":298,"caption":"Academia Mentoris"},"image":{"@id":"https:\/\/www.academia-mentoris.com\/#\/schema\/logo\/image\/"}}]}},"jetpack_sharing_enabled":true,"_links":{"self":[{"href":"https:\/\/www.academia-mentoris.com\/index.php?rest_route=\/wp\/v2\/pages\/451","targetHints":{"allow":["GET"]}}],"collection":[{"href":"https:\/\/www.academia-mentoris.com\/index.php?rest_route=\/wp\/v2\/pages"}],"about":[{"href":"https:\/\/www.academia-mentoris.com\/index.php?rest_route=\/wp\/v2\/types\/page"}],"author":[{"embeddable":true,"href":"https:\/\/www.academia-mentoris.com\/index.php?rest_route=\/wp\/v2\/users\/1"}],"replies":[{"embeddable":true,"href":"https:\/\/www.academia-mentoris.com\/index.php?rest_route=%2Fwp%2Fv2%2Fcomments&post=451"}],"version-history":[{"count":6,"href":"https:\/\/www.academia-mentoris.com\/index.php?rest_route=\/wp\/v2\/pages\/451\/revisions"}],"predecessor-version":[{"id":1031,"href":"https:\/\/www.academia-mentoris.com\/index.php?rest_route=\/wp\/v2\/pages\/451\/revisions\/1031"}],"wp:attachment":[{"href":"https:\/\/www.academia-mentoris.com\/index.php?rest_route=%2Fwp%2Fv2%2Fmedia&parent=451"}],"curies":[{"name":"wp","href":"https:\/\/api.w.org\/{rel}","templated":true}]}}